{"id":2,"date":"2020-07-21T08:08:16","date_gmt":"2020-07-21T08:08:16","guid":{"rendered":"https:\/\/secrural.ffzg.unizg.hr\/?page_id=2"},"modified":"2023-10-15T16:19:15","modified_gmt":"2023-10-15T16:19:15","slug":"sample-page","status":"publish","type":"page","link":"https:\/\/secrural.ffzg.unizg.hr\/index.php\/sample-page\/","title":{"rendered":"Project team"},"content":{"rendered":"\n<div class=\"wp-block-columns is-layout-flex wp-container-core-columns-is-layout-1 wp-block-columns-is-layout-flex\">\n<div class=\"wp-block-column is-layout-flow wp-block-column-is-layout-flow\">\n<figure class=\"wp-block-image size-full is-resized\"><img loading=\"lazy\" decoding=\"async\" src=\"https:\/\/secrural.ffzg.unizg.hr\/wp-content\/uploads\/2021\/11\/20200415_181052-300x300-1.jpg\" alt=\"\" class=\"wp-image-259\" width=\"188\" height=\"188\" srcset=\"https:\/\/secrural.ffzg.unizg.hr\/wp-content\/uploads\/2021\/11\/20200415_181052-300x300-1.jpg 300w, https:\/\/secrural.ffzg.unizg.hr\/wp-content\/uploads\/2021\/11\/20200415_181052-300x300-1-150x150.jpg 150w\" sizes=\"auto, (max-width: 188px) 100vw, 188px\" \/><\/figure>\n<\/div>\n\n\n\n<div class=\"wp-block-column is-layout-flow wp-block-column-is-layout-flow\">\n<div class=\"wp-block-group\"><div class=\"wp-block-group__inner-container is-layout-flow wp-block-group-is-layout-flow\">\n<div class=\"wp-block-group\"><div class=\"wp-block-group__inner-container is-layout-flow wp-block-group-is-layout-flow\">\n<h4 class=\"wp-block-heading\"><strong>Tijana Trako Poljak<\/strong><\/h4>\n\n\n\n<h4 class=\"wp-block-heading\"><strong>Principal Investigator <\/strong><\/h4>\n\n\n\n<h4 class=\"wp-block-heading\"><strong>Associate Professor, PhD<\/strong><\/h4>\n\n\n\n<p>Department of Sociology, Faculty of Humanities and Social Sciences, University of Zagreb<\/p>\n\n\n\n<p>e-mail: ttrako(at)ffzg.unizg.hr<\/p>\n<\/div><\/div>\n<\/div><\/div>\n<\/div>\n\n\n\n<div class=\"wp-block-column is-layout-flow wp-block-column-is-layout-flow\">\n<h4 class=\"wp-block-heading\"><strong>Research interests: <\/strong>environmental sociology, rural sociology, symbolic construction of identity, Croatia and Central\/South-East Europe, micro-sociological approaches, and visual sociology <\/h4>\n\n\n\n<h4 class=\"wp-block-heading\"><strong>Publications: <\/strong><a href=\"https:\/\/www.bib.irb.hr\/pregled\/profil\/28741\">https:\/\/www.bib.irb.hr\/pregled\/profil\/28741<\/a> <\/h4>\n\n\n\n<p><\/p>\n<\/div>\n<\/div>\n\n\n\n<div class=\"wp-block-columns is-layout-flex wp-container-core-columns-is-layout-2 wp-block-columns-is-layout-flex\">\n<div class=\"wp-block-column is-layout-flow wp-block-column-is-layout-flow\">\n<figure class=\"wp-block-image size-large is-resized\"><img loading=\"lazy\" decoding=\"async\" src=\"https:\/\/secrural.ffzg.unizg.hr\/wp-content\/uploads\/2021\/11\/WhatsApp-Image-2021-11-19-at-11.51.23-768x1024.jpeg\" alt=\"\" class=\"wp-image-302\" width=\"170\" height=\"226\" srcset=\"https:\/\/secrural.ffzg.unizg.hr\/wp-content\/uploads\/2021\/11\/WhatsApp-Image-2021-11-19-at-11.51.23-768x1024.jpeg 768w, https:\/\/secrural.ffzg.unizg.hr\/wp-content\/uploads\/2021\/11\/WhatsApp-Image-2021-11-19-at-11.51.23-225x300.jpeg 225w, https:\/\/secrural.ffzg.unizg.hr\/wp-content\/uploads\/2021\/11\/WhatsApp-Image-2021-11-19-at-11.51.23-1152x1536.jpeg 1152w, https:\/\/secrural.ffzg.unizg.hr\/wp-content\/uploads\/2021\/11\/WhatsApp-Image-2021-11-19-at-11.51.23.jpeg 1536w\" sizes=\"auto, (max-width: 170px) 100vw, 170px\" \/><\/figure>\n<\/div>\n\n\n\n<div class=\"wp-block-column is-layout-flow wp-block-column-is-layout-flow\">\n<h4 class=\"wp-block-heading\"><strong>Vladimir Ivanovi\u0107<\/strong><\/h4>\n\n\n\n<h4 class=\"wp-block-heading\">Research Assistant \/ Doctoral student<\/h4>\n\n\n\n<h4 class=\"wp-block-heading\">e-mail: vivanovi(at)ffzg.unizg.hr <\/h4>\n\n\n\n<p><\/p>\n<\/div>\n\n\n\n<div class=\"wp-block-column is-layout-flow wp-block-column-is-layout-flow\">\n<h4 class=\"wp-block-heading\"><strong>Research interests: <\/strong>quality of life, wellbeing, rural sociology, environmental sociology<\/h4>\n\n\n\n<h4 class=\"wp-block-heading\"><strong>Publications: <\/strong><a href=\"https:\/\/www.bib.irb.hr\/pregled\/profil\/36514\">https:\/\/www.bib.irb.hr\/pregled\/profil\/36514<\/a><\/h4>\n<\/div>\n<\/div>\n\n\n\n<div class=\"wp-block-columns is-layout-flex wp-container-core-columns-is-layout-4 wp-block-columns-is-layout-flex\">\n<div class=\"wp-block-column is-layout-flow wp-block-column-is-layout-flow\">\n<div class=\"wp-block-columns is-layout-flex wp-container-core-columns-is-layout-3 wp-block-columns-is-layout-flex\">\n<div class=\"wp-block-column is-layout-flow wp-block-column-is-layout-flow\" style=\"flex-basis:100%\">\n<figure class=\"wp-block-gallery has-nested-images columns-default is-cropped wp-block-gallery-1 is-layout-flex wp-block-gallery-is-layout-flex\">\n<figure class=\"wp-block-image size-large\"><img loading=\"lazy\" decoding=\"async\" width=\"829\" height=\"1024\" src=\"https:\/\/secrural.ffzg.unizg.hr\/wp-content\/uploads\/2021\/11\/IMG_20211104_124910_edit_783755757434052-829x1024.jpg\" alt=\"\" class=\"wp-image-269\" srcset=\"https:\/\/secrural.ffzg.unizg.hr\/wp-content\/uploads\/2021\/11\/IMG_20211104_124910_edit_783755757434052-829x1024.jpg 829w, https:\/\/secrural.ffzg.unizg.hr\/wp-content\/uploads\/2021\/11\/IMG_20211104_124910_edit_783755757434052-243x300.jpg 243w, https:\/\/secrural.ffzg.unizg.hr\/wp-content\/uploads\/2021\/11\/IMG_20211104_124910_edit_783755757434052-768x949.jpg 768w, https:\/\/secrural.ffzg.unizg.hr\/wp-content\/uploads\/2021\/11\/IMG_20211104_124910_edit_783755757434052-1243x1536.jpg 1243w, https:\/\/secrural.ffzg.unizg.hr\/wp-content\/uploads\/2021\/11\/IMG_20211104_124910_edit_783755757434052-1658x2048.jpg 1658w, https:\/\/secrural.ffzg.unizg.hr\/wp-content\/uploads\/2021\/11\/IMG_20211104_124910_edit_783755757434052.jpg 1770w\" sizes=\"auto, (max-width: 829px) 100vw, 829px\" \/><\/figure>\n<\/figure>\n<\/div>\n<\/div>\n<\/div>\n\n\n\n<div class=\"wp-block-column is-layout-flow wp-block-column-is-layout-flow\">\n<h4 class=\"wp-block-heading\"><strong>Mateja Je\u017e Rogelj<\/strong><\/h4>\n\n\n\n<h4 class=\"wp-block-heading\">Assistant Professor, PhD<\/h4>\n\n\n\n<h4 class=\"wp-block-heading\">Faculty of Agriculture, University of Zagreb<\/h4>\n\n\n\n<h4 class=\"wp-block-heading\">e-mail: mrogelj(at)agr.hr<\/h4>\n<\/div>\n\n\n\n<div class=\"wp-block-column is-layout-flow wp-block-column-is-layout-flow\">\n<h4 class=\"wp-block-heading\"><strong>Research interests: <\/strong>agricultural and rural policy, environmental policy, rural development, agricultural economics<\/h4>\n\n\n\n<p><strong>Publications: <\/strong><a href=\"https:\/\/www.bib.irb.hr\/pregled\/profil\/30745\">https:\/\/www.bib.irb.hr\/pregled\/profil\/30745<\/a><\/p>\n<\/div>\n<\/div>\n\n\n\n<div class=\"wp-block-columns is-layout-flex wp-container-core-columns-is-layout-5 wp-block-columns-is-layout-flex\">\n<div class=\"wp-block-column is-layout-flow wp-block-column-is-layout-flow\">\n<figure class=\"wp-block-image size-large is-resized\"><img loading=\"lazy\" decoding=\"async\" src=\"https:\/\/secrural.ffzg.unizg.hr\/wp-content\/uploads\/2021\/11\/jp-e1636370530390-982x1024.jpg\" alt=\"\" class=\"wp-image-272\" width=\"196\" height=\"204\" srcset=\"https:\/\/secrural.ffzg.unizg.hr\/wp-content\/uploads\/2021\/11\/jp-e1636370530390-982x1024.jpg 982w, https:\/\/secrural.ffzg.unizg.hr\/wp-content\/uploads\/2021\/11\/jp-e1636370530390-288x300.jpg 288w, https:\/\/secrural.ffzg.unizg.hr\/wp-content\/uploads\/2021\/11\/jp-e1636370530390-768x801.jpg 768w, https:\/\/secrural.ffzg.unizg.hr\/wp-content\/uploads\/2021\/11\/jp-e1636370530390.jpg 1440w\" sizes=\"auto, (max-width: 196px) 100vw, 196px\" \/><\/figure>\n<\/div>\n\n\n\n<div class=\"wp-block-column is-layout-flow wp-block-column-is-layout-flow\">\n<h4 class=\"wp-block-heading\"><strong>Jelena Pu\u0111ak<\/strong><\/h4>\n\n\n\n<h4 class=\"wp-block-heading\">Research Associate, PhD <\/h4>\n\n\n\n<h4 class=\"wp-block-heading\">Institute of Social Sciences Ivo Pilar in Zagreb<\/h4>\n\n\n\n<h4 class=\"wp-block-heading\">e-mail: jelena.pudjak(at)pilar.hr<\/h4>\n<\/div>\n\n\n\n<div class=\"wp-block-column is-layout-flow wp-block-column-is-layout-flow\">\n<h4 class=\"wp-block-heading\"><strong>Research interests: <\/strong>social ecology, climate change, degrowth, environmental sociology, social movements, qualitative sociology<\/h4>\n\n\n\n<h4 class=\"wp-block-heading\"><strong>Publications: <\/strong> <a href=\"https:\/\/www.bib.irb.hr\/pregled\/profil\/24120\">https:\/\/www.bib.irb.hr\/pregled\/profil\/24120<\/a> <\/h4>\n\n\n\n<p><\/p>\n<\/div>\n<\/div>\n\n\n\n<div class=\"wp-block-columns is-layout-flex wp-container-core-columns-is-layout-6 wp-block-columns-is-layout-flex\">\n<div class=\"wp-block-column is-layout-flow wp-block-column-is-layout-flow\">\n<figure class=\"wp-block-image size-full is-resized\"><img loading=\"lazy\" decoding=\"async\" src=\"https:\/\/secrural.ffzg.unizg.hr\/wp-content\/uploads\/2021\/11\/Projekt_slika33314.jpg\" alt=\"\" class=\"wp-image-257\" width=\"193\" height=\"163\"\/><\/figure>\n<\/div>\n\n\n\n<div class=\"wp-block-column is-layout-flow wp-block-column-is-layout-flow\">\n<h4 class=\"wp-block-heading\"><strong>Bruno \u0160imac<\/strong><\/h4>\n\n\n\n<h4 class=\"wp-block-heading\">Research Assistant \/ Doctoral student<\/h4>\n\n\n\n<h4 class=\"wp-block-heading\">e-mail: bsimac(at)ffzg.unizg.hr <\/h4>\n<\/div>\n\n\n\n<div class=\"wp-block-column is-layout-flow wp-block-column-is-layout-flow\">\n<h4 class=\"wp-block-heading\"><strong>Research interests: <\/strong> rural sociology, urban sociology, environmental sociology, sociology of youth, sociological methodology <\/h4>\n\n\n\n<h4 class=\"wp-block-heading\"><strong>Publications: <\/strong> <a href=\"https:\/\/www.bib.irb.hr\/profile\/37294\">https:\/\/www.bib.irb.hr\/profile\/37294<\/a> <\/h4>\n<\/div>\n<\/div>\n\n\n\n<div class=\"wp-block-columns is-layout-flex wp-container-core-columns-is-layout-7 wp-block-columns-is-layout-flex\">\n<div class=\"wp-block-column is-layout-flow wp-block-column-is-layout-flow\">\n<figure class=\"wp-block-image size-full is-resized\"><img loading=\"lazy\" decoding=\"async\" src=\"https:\/\/secrural.ffzg.unizg.hr\/wp-content\/uploads\/2021\/11\/16174725_10154588437648591_6063698529114791473_n.jpg\" alt=\"\" class=\"wp-image-275\" width=\"194\" height=\"194\" srcset=\"https:\/\/secrural.ffzg.unizg.hr\/wp-content\/uploads\/2021\/11\/16174725_10154588437648591_6063698529114791473_n.jpg 958w, https:\/\/secrural.ffzg.unizg.hr\/wp-content\/uploads\/2021\/11\/16174725_10154588437648591_6063698529114791473_n-300x300.jpg 300w, https:\/\/secrural.ffzg.unizg.hr\/wp-content\/uploads\/2021\/11\/16174725_10154588437648591_6063698529114791473_n-150x150.jpg 150w, https:\/\/secrural.ffzg.unizg.hr\/wp-content\/uploads\/2021\/11\/16174725_10154588437648591_6063698529114791473_n-768x769.jpg 768w\" sizes=\"auto, (max-width: 194px) 100vw, 194px\" \/><\/figure>\n<\/div>\n\n\n\n<div class=\"wp-block-column is-layout-flow wp-block-column-is-layout-flow\">\n<h4 class=\"wp-block-heading\"><strong>Sara Ursi\u0107<\/strong><\/h4>\n\n\n\n<h4 class=\"wp-block-heading\">Research Associate, PhD<\/h4>\n\n\n\n<h4 class=\"wp-block-heading\">Institute of Social Sciences Ivo Pilar in Zagreb<\/h4>\n\n\n\n<h4 class=\"wp-block-heading\">e-mail: sara.ursic(at)pilar.hr<\/h4>\n<\/div>\n\n\n\n<div class=\"wp-block-column is-layout-flow wp-block-column-is-layout-flow\">\n<h4 class=\"wp-block-heading\"><strong>Research interests: <\/strong>urban sociology, housing, urban planning, sociology of space and place<\/h4>\n\n\n\n<h4 class=\"wp-block-heading\"><strong>Publications: <\/strong><a href=\"https:\/\/www.bib.irb.hr\/pregled\/profil\/28914\">https:\/\/www.bib.irb.hr\/pregled\/profil\/28914<\/a> <\/h4>\n\n\n\n<p><\/p>\n<\/div>\n<\/div>\n\n\n\n<div class=\"wp-block-columns is-layout-flex wp-container-core-columns-is-layout-8 wp-block-columns-is-layout-flex\">\n<div class=\"wp-block-column is-layout-flow wp-block-column-is-layout-flow\">\n<figure class=\"wp-block-image size-full is-resized\"><img loading=\"lazy\" decoding=\"async\" src=\"https:\/\/secrural.ffzg.unizg.hr\/wp-content\/uploads\/2021\/11\/download.jpg\" alt=\"\" class=\"wp-image-292\" width=\"196\" height=\"143\"\/><\/figure>\n<\/div>\n\n\n\n<div class=\"wp-block-column is-layout-flow wp-block-column-is-layout-flow\">\n<h4 class=\"wp-block-heading\"><strong>Jana Vuki\u0107<\/strong><\/h4>\n\n\n\n<p>Associate Professor, PhD<\/p>\n\n\n\n<p>Department of Sociology, Faculty of Humanities and Social Sciences, University of Zagreb<\/p>\n\n\n\n<p>e-mail: jana.vukic(at)ffzg.unizg.hr<\/p>\n<\/div>\n\n\n\n<div class=\"wp-block-column is-layout-flow wp-block-column-is-layout-flow\">\n<h4 class=\"wp-block-heading\"><strong>Research interests: <\/strong>urban sociology, sociology of space, quality of life, urban planning, participation<\/h4>\n\n\n\n<h4 class=\"wp-block-heading\"><strong>Publications: <\/strong><a href=\"https:\/\/www.bib.irb.hr\/pregled\/profil\/34168\">https:\/\/www.bib.irb.hr\/pregled\/profil\/34168<\/a><\/h4>\n<\/div>\n<\/div>\n\n\n\n<div class=\"wp-block-columns is-layout-flex wp-container-core-columns-is-layout-9 wp-block-columns-is-layout-flex\">\n<div class=\"wp-block-column is-layout-flow wp-block-column-is-layout-flow\">\n<figure class=\"wp-block-image size-large is-resized\"><img loading=\"lazy\" decoding=\"async\" src=\"https:\/\/secrural.ffzg.unizg.hr\/wp-content\/uploads\/2021\/11\/156915052_10158026345851463_1476021199787079230_n-841x1024.jpg\" alt=\"\" class=\"wp-image-278\" width=\"184\" height=\"223\" srcset=\"https:\/\/secrural.ffzg.unizg.hr\/wp-content\/uploads\/2021\/11\/156915052_10158026345851463_1476021199787079230_n-841x1024.jpg 841w, https:\/\/secrural.ffzg.unizg.hr\/wp-content\/uploads\/2021\/11\/156915052_10158026345851463_1476021199787079230_n-246x300.jpg 246w, https:\/\/secrural.ffzg.unizg.hr\/wp-content\/uploads\/2021\/11\/156915052_10158026345851463_1476021199787079230_n-768x936.jpg 768w, https:\/\/secrural.ffzg.unizg.hr\/wp-content\/uploads\/2021\/11\/156915052_10158026345851463_1476021199787079230_n.jpg 1104w\" sizes=\"auto, (max-width: 184px) 100vw, 184px\" \/><\/figure>\n<\/div>\n\n\n\n<div class=\"wp-block-column is-layout-flow wp-block-column-is-layout-flow\">\n<h4 class=\"wp-block-heading\"><strong>Jelena Zlatar Gambero\u017ei\u0107<\/strong><\/h4>\n\n\n\n<p>Senior Research Associate, PhD<\/p>\n\n\n\n<p>Institute for Social Research in Zagreb<\/p>\n\n\n\n<p>e-mail: jelena(at)idi.hr<\/p>\n<\/div>\n\n\n\n<div class=\"wp-block-column is-layout-flow wp-block-column-is-layout-flow\">\n<h4 class=\"wp-block-heading\"><strong>Research interests: <\/strong>urban sociology, rural sociology, sociology of space, quality of life<\/h4>\n\n\n\n<h4 class=\"wp-block-heading\"><strong>Publications: <\/strong><a href=\"https:\/\/www.bib.irb.hr\/pregled\/profil\/30108\">https:\/\/www.bib.irb.hr\/pregled\/profil\/30108<\/a><\/h4>\n<\/div>\n<\/div>\n\n\n\n<div class=\"wp-block-columns is-layout-flex wp-container-core-columns-is-layout-10 wp-block-columns-is-layout-flex\">\n<div class=\"wp-block-column is-layout-flow wp-block-column-is-layout-flow\">\n<figure class=\"wp-block-image size-large is-resized\"><img loading=\"lazy\" decoding=\"async\" src=\"https:\/\/secrural.ffzg.unizg.hr\/wp-content\/uploads\/2021\/11\/KZ-968x1024.jpg\" alt=\"\" class=\"wp-image-286\" width=\"188\" height=\"198\" srcset=\"https:\/\/secrural.ffzg.unizg.hr\/wp-content\/uploads\/2021\/11\/KZ-968x1024.jpg 968w, https:\/\/secrural.ffzg.unizg.hr\/wp-content\/uploads\/2021\/11\/KZ-284x300.jpg 284w, https:\/\/secrural.ffzg.unizg.hr\/wp-content\/uploads\/2021\/11\/KZ-768x812.jpg 768w, https:\/\/secrural.ffzg.unizg.hr\/wp-content\/uploads\/2021\/11\/KZ-1452x1536.jpg 1452w, https:\/\/secrural.ffzg.unizg.hr\/wp-content\/uploads\/2021\/11\/KZ-1936x2048.jpg 1936w\" sizes=\"auto, (max-width: 188px) 100vw, 188px\" \/><\/figure>\n<\/div>\n\n\n\n<div class=\"wp-block-column is-layout-flow wp-block-column-is-layout-flow\">\n<h4 class=\"wp-block-heading\"><strong>Kre\u0161imir \u017da\u017ear<\/strong><\/h4>\n\n\n\n<p>Associate Professor, PhD<\/p>\n\n\n\n<p>Department of Sociology, Faculty of Humanities and Social Sciences, University of Zagreb<\/p>\n\n\n\n<p>e-mail: kzazar(at)ffzg.unizg.hr<\/p>\n<\/div>\n\n\n\n<div class=\"wp-block-column is-layout-flow wp-block-column-is-layout-flow\">\n<h4 class=\"wp-block-heading\"><strong>Research interests: <\/strong>sociology of (regional \/ local) development, social \/ sociological theories, social dynamics, epistemology of social sciences<\/h4>\n\n\n\n<h4 class=\"wp-block-heading\"><strong>Publications: <\/strong> <a href=\"https:\/\/www.bib.irb.hr\/pregled\/profil\/30206\">https:\/\/www.bib.irb.hr\/pregled\/profil\/30206<\/a> <\/h4>\n\n\n\n<p><strong>Web:<\/strong>  <a href=\"https:\/\/theta.ffzg.hr\/ECTS\/Osoba\/Index\/5572\">https:\/\/theta.ffzg.hr\/ECTS\/Osoba\/Index\/5572<\/a> <\/p>\n\n\n\n<p><\/p>\n\n\n\n<p><\/p>\n<\/div>\n<\/div>\n\n\n\n<p><\/p>\n","protected":false},"excerpt":{"rendered":"<p>Tijana Trako Poljak Principal Investigator Associate Professor, PhD Department of Sociology, Faculty of Humanities and Social Sciences, University of Zagreb e-mail: ttrako(at)ffzg.unizg.hr Research interests: environmental sociology, rural sociology, symbolic construction of identity, Croatia and Central\/South-East Europe, micro-sociological approaches, and visual &hellip; <a href=\"https:\/\/secrural.ffzg.unizg.hr\/index.php\/sample-page\/\">Continue reading <span class=\"meta-nav\">&rarr;<\/span><\/a><\/p>\n","protected":false},"author":2,"featured_media":0,"parent":0,"menu_order":0,"comment_status":"closed","ping_status":"open","template":"","meta":{"footnotes":""},"class_list":["post-2","page","type-page","status-publish","hentry"],"_links":{"self":[{"href":"https:\/\/secrural.ffzg.unizg.hr\/index.php\/wp-json\/wp\/v2\/pages\/2","targetHints":{"allow":["GET"]}}],"collection":[{"href":"https:\/\/secrural.ffzg.unizg.hr\/index.php\/wp-json\/wp\/v2\/pages"}],"about":[{"href":"https:\/\/secrural.ffzg.unizg.hr\/index.php\/wp-json\/wp\/v2\/types\/page"}],"author":[{"embeddable":true,"href":"https:\/\/secrural.ffzg.unizg.hr\/index.php\/wp-json\/wp\/v2\/users\/2"}],"replies":[{"embeddable":true,"href":"https:\/\/secrural.ffzg.unizg.hr\/index.php\/wp-json\/wp\/v2\/comments?post=2"}],"version-history":[{"count":43,"href":"https:\/\/secrural.ffzg.unizg.hr\/index.php\/wp-json\/wp\/v2\/pages\/2\/revisions"}],"predecessor-version":[{"id":385,"href":"https:\/\/secrural.ffzg.unizg.hr\/index.php\/wp-json\/wp\/v2\/pages\/2\/revisions\/385"}],"wp:attachment":[{"href":"https:\/\/secrural.ffzg.unizg.hr\/index.php\/wp-json\/wp\/v2\/media?parent=2"}],"curies":[{"name":"wp","href":"https:\/\/api.w.org\/{rel}","templated":true}]}}